{"id":7,"date":"2026-01-07T10:03:34","date_gmt":"2026-01-07T10:03:34","guid":{"rendered":"https:\/\/qhatupiura.com\/?page_id=7"},"modified":"2026-01-12T11:30:29","modified_gmt":"2026-01-12T11:30:29","slug":"inicio","status":"publish","type":"page","link":"https:\/\/qhatupiura.com\/en\/","title":{"rendered":"INICIO"},"content":{"rendered":"<div data-elementor-type=\"wp-page\" data-elementor-id=\"7\" class=\"elementor elementor-7\" data-elementor-post-type=\"page\">\n\t\t\t\t<div class=\"elementor-element elementor-element-7df6c981 e-flex e-con-boxed e-con e-parent\" data-id=\"7df6c981\" data-element_type=\"container\" id=\"next\" data-settings=\"{&quot;background_background&quot;:&quot;classic&quot;}\">\n\t\t\t\t\t<div class=\"e-con-inner\">\n\t\t\t\t<div class=\"elementor-element elementor-element-50f8f6b7 elementor-widget elementor-widget-heading\" data-id=\"50f8f6b7\" data-element_type=\"widget\" data-widget_type=\"heading.default\">\n\t\t\t\t\t<h1 class=\"elementor-heading-title elementor-size-default\">Investment and marketing of financial products <\/h1>\t\t\t\t<\/div>\n\t\t<div class=\"elementor-element elementor-element-7a41114 e-con-full e-flex e-con e-child\" data-id=\"7a41114\" data-element_type=\"container\">\n\t\t<div class=\"elementor-element elementor-element-52604bc e-con-full e-flex e-con e-child\" data-id=\"52604bc\" data-element_type=\"container\" data-settings=\"{&quot;background_background&quot;:&quot;classic&quot;}\">\n\t\t\t\t<div class=\"elementor-element elementor-element-2174611 elementor-view-default elementor-widget elementor-widget-icon\" data-id=\"2174611\" data-element_type=\"widget\" data-widget_type=\"icon.default\">\n\t\t\t\t\t\t\t<div class=\"elementor-icon-wrapper\">\n\t\t\t<div class=\"elementor-icon\">\n\t\t\t<svg xmlns=\"http:\/\/www.w3.org\/2000\/svg\" id=\"Layer_1\" data-name=\"Layer 1\" viewbox=\"0 0 24 24\" width=\"512\" height=\"512\"><path d=\"M23.638,6.297l-1.896-3.147L12,.066,2.257,3.149,.382,6.263c-.411,.685-.487,1.507-.21,2.256s.87,1.324,1.628,1.576l.204,.068-.008,10.451,9.997,3.332,9.995-3.332,.008-10.451,.243-.081c.748-.25,1.334-.817,1.608-1.557,.274-.74,.198-1.552-.208-2.229Zm-3.844-2.715l-7.786,2.599L4.222,3.577,12,1.115l7.794,2.467ZM1.109,8.173c-.171-.463-.124-.972,.129-1.395l1.577-2.617,8.429,2.819-1.948,3.247c-.387,.645-1.155,.929-1.868,.691l-5.313-1.771c-.468-.156-.835-.512-1.006-.975Zm1.894,2.324l4.109,1.37c1.163,.389,2.412-.076,3.042-1.125l1.344-2.241-.007,14.226-8.496-2.832,.007-9.397Zm17.984,9.397l-8.496,2.832,.007-14.228,1.346,2.244c.481,.801,1.324,1.261,2.212,1.261,.275,0,.555-.044,.829-.136l4.109-1.369-.007,9.397Zm1.92-11.714c-.168,.454-.527,.802-.986,.955l-5.352,1.784c-.712,.238-1.48-.047-1.868-.691l-1.945-3.242,8.432-2.815,1.592,2.642c.249,.415,.295,.914,.127,1.368Z\"><\/path><\/svg>\t\t\t<\/div>\n\t\t<\/div>\n\t\t\t\t\t\t<\/div>\n\t\t\t\t<div class=\"elementor-element elementor-element-52d4773 elementor-widget elementor-widget-heading\" data-id=\"52d4773\" data-element_type=\"widget\" data-widget_type=\"heading.default\">\n\t\t\t\t\t<h2 class=\"elementor-heading-title elementor-size-default\">Construcci\u00f3n <br>de mercados mayoristas<\/h2>\t\t\t\t<\/div>\n\t\t\t\t<\/div>\n\t\t<div class=\"elementor-element elementor-element-0a44a92 e-con-full e-flex e-con e-child\" data-id=\"0a44a92\" data-element_type=\"container\" data-settings=\"{&quot;background_background&quot;:&quot;classic&quot;}\">\n\t\t\t\t<div class=\"elementor-element elementor-element-e6c2c3c elementor-view-default elementor-widget elementor-widget-icon\" data-id=\"e6c2c3c\" data-element_type=\"widget\" data-widget_type=\"icon.default\">\n\t\t\t\t\t\t\t<div class=\"elementor-icon-wrapper\">\n\t\t\t<div class=\"elementor-icon\">\n\t\t\t<svg xmlns=\"http:\/\/www.w3.org\/2000\/svg\" id=\"Layer_1\" data-name=\"Layer 1\" viewbox=\"0 0 24 24\"><path d=\"M24,13c0-2.797-1.206-4.976-3.479-6.319C19.342,2.713,16.073,0,12,0c-2.939,0-5.46,1.415-7.081,3.691C1.924,4.463,0,7.543,0,11.633c0,5.174,2.14,8.111,6.031,8.344l-.031,3.518c-.002,.276,.22,.502,.496,.504h.004c.274,0,.498-.221,.5-.496l.031-3.522c1.032-.06,1.69-.29,2.01-.44,.763,.249,1.587,.392,2.459,.434v3.524c0,.276,.224,.5,.5,.5s.5-.224,.5-.5v-3.524c.903-.043,1.753-.199,2.539-.464,.626,.259,1.284,.411,1.961,.463v3.524c0,.276,.224,.5,.5,.5s.5-.224,.5-.5v-3.524c3.556-.241,6-3.038,6-6.976ZM6.535,19c-4.575,0-5.535-4.006-5.535-7.367,0-3.056,1.177-5.444,3.072-6.512-.686,1.427-1.072,3.083-1.072,4.879,0,4.144,1.738,7.343,4.595,8.919-.295,.047-.643,.081-1.06,.081Zm5.965-5.793l3.354-3.354c.195-.195,.195-.512,0-.707s-.512-.195-.707,0l-2.646,2.646V7.5c0-.276-.224-.5-.5-.5s-.5,.224-.5,.5v4.293l-2.646-2.646c-.195-.195-.512-.195-.707,0s-.195,.512,0,.707l3.354,3.354v5.77c-4.571-.237-7.5-3.702-7.5-8.977-.041-4.711,3.148-8.994,8-9,4.561,0,8,3.869,8,9,0,5.275-2.929,8.74-7.5,8.977v-5.77Zm5,5.793c-.357,0-.708-.036-1.051-.103,2.831-1.584,4.551-4.774,4.551-8.897,0-.644-.056-1.267-.151-1.87,1.421,1.161,2.151,2.79,2.151,4.87,0,3.533-2.262,6-5.5,6Z\"><\/path><\/svg>\t\t\t<\/div>\n\t\t<\/div>\n\t\t\t\t\t\t<\/div>\n\t\t\t\t<div class=\"elementor-element elementor-element-69abd2a elementor-widget elementor-widget-heading\" data-id=\"69abd2a\" data-element_type=\"widget\" data-widget_type=\"heading.default\">\n\t\t\t\t\t<h2 class=\"elementor-heading-title elementor-size-default\">Desarrollo de proyectos agrarios sostenibles <\/h2>\t\t\t\t<\/div>\n\t\t\t\t<\/div>\n\t\t<div class=\"elementor-element elementor-element-2622cf5 e-con-full e-flex e-con e-child\" data-id=\"2622cf5\" data-element_type=\"container\" data-settings=\"{&quot;background_background&quot;:&quot;classic&quot;}\">\n\t\t\t\t<div class=\"elementor-element elementor-element-3779639 elementor-view-default elementor-widget elementor-widget-icon\" data-id=\"3779639\" data-element_type=\"widget\" data-widget_type=\"icon.default\">\n\t\t\t\t\t\t\t<div class=\"elementor-icon-wrapper\">\n\t\t\t<div class=\"elementor-icon\">\n\t\t\t<svg xmlns=\"http:\/\/www.w3.org\/2000\/svg\" id=\"Layer_1\" data-name=\"Layer 1\" viewbox=\"0 0 24 24\"><path d=\"m20,8c2.206,0,4-1.794,4-4s-1.794-4-4-4-4,1.794-4,4,1.794,4,4,4Zm0-7c1.654,0,3,1.346,3,3s-1.346,3-3,3-3-1.346-3-3,1.346-3,3-3Zm-2.5,11.008c-.827,0-1.557.467-1.903,1.221l-4.552,10.016-.045.756h13v-.549l-4.598-10.225c-.346-.752-1.075-1.219-1.902-1.219Zm-5.246,10.992l4.252-9.355c.184-.398.556-.637.994-.637s.811.238.993.635l4.253,9.357h-10.492Zm-1.258-16.358c-.186-.403-.558-.642-.996-.642s-.811.238-.994.637L1.267,23h7.733v1H0l.048-.763L8.1,6.214c.344-.747,1.073-1.214,1.9-1.214s1.557.467,1.902,1.219l2.475,5.238c-.236.281-.44.596-.601.944l-.028.061-2.753-5.821Z\"><\/path><\/svg>\t\t\t<\/div>\n\t\t<\/div>\n\t\t\t\t\t\t<\/div>\n\t\t\t\t<div class=\"elementor-element elementor-element-af68eee elementor-widget elementor-widget-heading\" data-id=\"af68eee\" data-element_type=\"widget\" data-widget_type=\"heading.default\">\n\t\t\t\t\t<h2 class=\"elementor-heading-title elementor-size-default\">Gesti\u00f3n y <br>desarrollo de utilidades mineras<\/h2>\t\t\t\t<\/div>\n\t\t\t\t<\/div>\n\t\t\t\t<\/div>\n\t\t\t\t<div class=\"elementor-element elementor-element-d13f100 elementor-widget elementor-widget-text-editor\" data-id=\"d13f100\" data-element_type=\"widget\" data-widget_type=\"text-editor.default\">\n\t\t\t\t\t\t\t\t\t<p>Pr\u00f3ximamente a\u00f1adiremos m\u00e1s informaci\u00f3n sobre los servicios y proyectos en curso.<\/p>\t\t\t\t\t\t\t\t<\/div>\n\t\t\t\t<div class=\"elementor-element elementor-element-8d65fe9 elementor-align-center elementor-widget elementor-widget-button\" data-id=\"8d65fe9\" data-element_type=\"widget\" data-widget_type=\"button.default\">\n\t\t\t\t\t\t\t\t\t\t<a class=\"elementor-button elementor-button-link elementor-size-sm\" href=\"\/en\/contacto\/\">\n\t\t\t\t\t\t<span class=\"elementor-button-content-wrapper\">\n\t\t\t\t\t\t\t\t\t<span class=\"elementor-button-text\">Solicitar m\u00e1s informaci\u00f3n<\/span>\n\t\t\t\t\t<\/span>\n\t\t\t\t\t<\/a>\n\t\t\t\t\t\t\t\t<\/div>\n\t\t\t\t\t<\/div>\n\t\t\t\t<\/div>\n\t\t\t\t<\/div>","protected":false},"excerpt":{"rendered":"<p>Inversi\u00f3n y comercializaci\u00f3n de productos financieros Construcci\u00f3n de mercados mayoristas Desarrollo de proyectos agrarios sostenibles Gesti\u00f3n y desarrollo de utilidades mineras Pr\u00f3ximamente a\u00f1adiremos m\u00e1s informaci\u00f3n sobre los servicios y proyectos en curso. Solicitar m\u00e1s informaci\u00f3n<\/p>","protected":false},"author":1,"featured_media":0,"parent":0,"menu_order":0,"comment_status":"closed","ping_status":"closed","template":"","meta":{"footnotes":""},"class_list":["post-7","page","type-page","status-publish","hentry"],"_links":{"self":[{"href":"https:\/\/qhatupiura.com\/en\/wp-json\/wp\/v2\/pages\/7","targetHints":{"allow":["GET"]}}],"collection":[{"href":"https:\/\/qhatupiura.com\/en\/wp-json\/wp\/v2\/pages"}],"about":[{"href":"https:\/\/qhatupiura.com\/en\/wp-json\/wp\/v2\/types\/page"}],"author":[{"embeddable":true,"href":"https:\/\/qhatupiura.com\/en\/wp-json\/wp\/v2\/users\/1"}],"replies":[{"embeddable":true,"href":"https:\/\/qhatupiura.com\/en\/wp-json\/wp\/v2\/comments?post=7"}],"version-history":[{"count":65,"href":"https:\/\/qhatupiura.com\/en\/wp-json\/wp\/v2\/pages\/7\/revisions"}],"predecessor-version":[{"id":238,"href":"https:\/\/qhatupiura.com\/en\/wp-json\/wp\/v2\/pages\/7\/revisions\/238"}],"wp:attachment":[{"href":"https:\/\/qhatupiura.com\/en\/wp-json\/wp\/v2\/media?parent=7"}],"curies":[{"name":"wp","href":"https:\/\/api.w.org\/{rel}","templated":true}]}}