{"id":63,"date":"2026-01-07T10:42:00","date_gmt":"2026-01-07T10:42:00","guid":{"rendered":"https:\/\/qhatupiura.com\/?page_id=63"},"modified":"2026-01-11T07:49:17","modified_gmt":"2026-01-11T07:49:17","slug":"sobre-nosotros","status":"publish","type":"page","link":"https:\/\/qhatupiura.com\/en\/sobre-nosotros\/","title":{"rendered":"SOBRE NOSOTROS"},"content":{"rendered":"<div data-elementor-type=\"wp-page\" data-elementor-id=\"63\" class=\"elementor elementor-63\" data-elementor-post-type=\"page\">\n\t\t\t\t<div class=\"elementor-element elementor-element-55115ce e-flex e-con-boxed e-con e-parent\" data-id=\"55115ce\" data-element_type=\"container\" data-settings=\"{&quot;background_background&quot;:&quot;classic&quot;}\">\n\t\t\t\t\t<div class=\"e-con-inner\">\n\t\t\t\t<div class=\"elementor-element elementor-element-4fbbc53 elementor-widget elementor-widget-heading\" data-id=\"4fbbc53\" data-element_type=\"widget\" data-widget_type=\"heading.default\">\n\t\t\t\t\t<h1 class=\"elementor-heading-title elementor-size-default\">Sobre Qhatu Piura<\/h1>\t\t\t\t<\/div>\n\t\t\t\t<div class=\"elementor-element elementor-element-405bff1 elementor-widget elementor-widget-text-editor\" data-id=\"405bff1\" data-element_type=\"widget\" data-widget_type=\"text-editor.default\">\n\t\t\t\t\t\t\t\t\t<p>Sociedad espa\u00f1ola dedicada a la inversi\u00f3n y comercializaci\u00f3n de productos financieros en el mercado global\u00a0 a trav\u00e9s de servicios integrales de asesoramiento y direcci\u00f3n de proyectos.<\/p>\t\t\t\t\t\t\t\t<\/div>\n\t\t\t\t<div class=\"elementor-element elementor-element-2f25cb1 elementor-align-center elementor-widget elementor-widget-button\" data-id=\"2f25cb1\" data-element_type=\"widget\" data-widget_type=\"button.default\">\n\t\t\t\t\t\t\t\t\t\t<a class=\"elementor-button elementor-button-link elementor-size-sm\" href=\"\/en\/contacto\/\">\n\t\t\t\t\t\t<span class=\"elementor-button-content-wrapper\">\n\t\t\t\t\t\t\t\t\t<span class=\"elementor-button-text\">Solicitar m\u00e1s informaci\u00f3n<\/span>\n\t\t\t\t\t<\/span>\n\t\t\t\t\t<\/a>\n\t\t\t\t\t\t\t\t<\/div>\n\t\t\t\t\t<\/div>\n\t\t\t\t<\/div>\n\t\t\t\t<\/div>","protected":false},"excerpt":{"rendered":"<p>Sobre Qhatu Piura Sociedad espa\u00f1ola dedicada a la inversi\u00f3n y comercializaci\u00f3n de productos financieros en el mercado global\u00a0 a trav\u00e9s de servicios integrales de asesoramiento y direcci\u00f3n de proyectos. Solicitar m\u00e1s informaci\u00f3n<\/p>","protected":false},"author":1,"featured_media":0,"parent":0,"menu_order":0,"comment_status":"closed","ping_status":"closed","template":"","meta":{"footnotes":""},"class_list":["post-63","page","type-page","status-publish","hentry"],"_links":{"self":[{"href":"https:\/\/qhatupiura.com\/en\/wp-json\/wp\/v2\/pages\/63","targetHints":{"allow":["GET"]}}],"collection":[{"href":"https:\/\/qhatupiura.com\/en\/wp-json\/wp\/v2\/pages"}],"about":[{"href":"https:\/\/qhatupiura.com\/en\/wp-json\/wp\/v2\/types\/page"}],"author":[{"embeddable":true,"href":"https:\/\/qhatupiura.com\/en\/wp-json\/wp\/v2\/users\/1"}],"replies":[{"embeddable":true,"href":"https:\/\/qhatupiura.com\/en\/wp-json\/wp\/v2\/comments?post=63"}],"version-history":[{"count":13,"href":"https:\/\/qhatupiura.com\/en\/wp-json\/wp\/v2\/pages\/63\/revisions"}],"predecessor-version":[{"id":224,"href":"https:\/\/qhatupiura.com\/en\/wp-json\/wp\/v2\/pages\/63\/revisions\/224"}],"wp:attachment":[{"href":"https:\/\/qhatupiura.com\/en\/wp-json\/wp\/v2\/media?parent=63"}],"curies":[{"name":"wp","href":"https:\/\/api.w.org\/{rel}","templated":true}]}}