{"id":3,"date":"2025-12-17T11:03:58","date_gmt":"2025-12-17T11:03:58","guid":{"rendered":"https:\/\/qhatupiura.com\/?page_id=3"},"modified":"2026-01-07T12:26:00","modified_gmt":"2026-01-07T12:26:00","slug":"politica-de-privacidad","status":"publish","type":"page","link":"https:\/\/qhatupiura.com\/en\/politica-de-privacidad\/","title":{"rendered":"POL\u00cdTICA DE PRIVACIDAD"},"content":{"rendered":"<div data-elementor-type=\"wp-page\" data-elementor-id=\"3\" class=\"elementor elementor-3\" data-elementor-post-type=\"page\">\n\t\t\t\t<div class=\"elementor-element elementor-element-5225d63 e-flex e-con-boxed e-con e-parent\" data-id=\"5225d63\" data-element_type=\"container\">\n\t\t\t\t\t<div class=\"e-con-inner\">\n\t\t<div class=\"elementor-element elementor-element-dfdd37b e-con-full e-flex e-con e-child\" data-id=\"dfdd37b\" data-element_type=\"container\">\n\t\t\t\t<div class=\"elementor-element elementor-element-fdd6340 elementor-widget elementor-widget-text-editor\" data-id=\"fdd6340\" data-element_type=\"widget\" data-widget_type=\"text-editor.default\">\n\t\t\t\t\t\t\t\t\t<p><strong>QUATU PIURA <\/strong>est\u00e1 comprometido con el cumplimiento de la normativa espa\u00f1ola y europea de protecci\u00f3n de datos de car\u00e1cter personal, y garantiza el cumplimiento \u00edntegro de las obligaciones dispuestas, as\u00ed como la implementaci\u00f3n de las medidas de seguridad dispuestas en el Reglamento General de Protecci\u00f3n de Datos (RGPD) (UE) 2016\/679, de 27 de abril, y en la Ley Org\u00e1nica 3\/2018, de 5 de diciembre, de Protecci\u00f3n de Datos Personales y garant\u00eda de los derechos digitales (LOPD y GDD, en adelante LOPD).<\/p>\n<p>De conformidad con estas normativas, informamos que la utilizaci\u00f3n de nuestra web puede requerir que se faciliten ciertos datos personales a trav\u00e9s de formularios de contacto, o mediante el env\u00edo de emails, y que \u00e9stos ser\u00e1n objeto de tratamiento por \u201c<strong>QUATU PIURA\u201d<\/strong>, responsable del tratamiento, cuyos datos son:<\/p>\n<ul>\n<li><strong>Denominaci\u00f3n Social: JUAN JOSE GOMEZ MU\u00d1OZ<\/strong><\/li>\n<li><strong>Nombre Comercial<\/strong>: QUATU PIURA<\/li>\n<li><strong>CIF<\/strong>: 09345763N<\/li>\n<li><strong>Domicilio Social<\/strong>: C. Peral, 11, 47007 Valladolid<\/li>\n<li><strong>email<\/strong>: qhatu@gomezmartinabogados.com<\/li>\n<\/ul>\n<p><strong>\u00a0<\/strong><\/p>\n<p><strong>Obtenci\u00f3n y Tratamiento de Datos Personales<\/strong><\/p>\n<p>Un dato personal es cualquier informaci\u00f3n relativa a una persona: nombre, email, domicilio, tel\u00e9fono, NIF\/NIE&#8230; Adicionalmente, cuando un Usuario visita nuestro sitio web, determinada informaci\u00f3n se almacena autom\u00e1ticamente por motivos t\u00e9cnicos, como la direcci\u00f3n IP asignada por su proveedor de acceso a Internet.<\/p>\n<p>\u201c<strong>QUATU PIURA<\/strong>\u201d, como responsable del Tratamiento, tiene el deber de informar a los Usuarios de su sitio web acerca de la recogida de datos de car\u00e1cter personal que pueden llevarse a cabo, bien sea mediante el env\u00edo de correo electr\u00f3nico o al cumplimentar los formularios incluidos en el sitio web.<\/p>\n<p>Se obtendr\u00e1n \u00fanicamente los datos precisos para poder realizar el servicio contratado, o para poder responder adecuadamente a la petici\u00f3n de informaci\u00f3n realizada por el Usuario. Los datos recabados son identificativos y corresponden a un m\u00ednimo razonable para poder llevar a t\u00e9rmino la actividad realizada. En particular, no se recogen datos especialmente protegidos en ning\u00fan momento. En ning\u00fan caso se realizar\u00e1 un uso diferente de los datos que la finalidad para los que han sido recabados.<\/p>\n<p><strong>Formularios de contacto\/email<\/strong><\/p>\n<p><em>Finalidad<\/em>: Dar contestaci\u00f3n a su solicitud de informaci\u00f3n realizada a trav\u00e9s de nuestro\/s formulario\/s de contacto.<\/p>\n<p><em>Legitimaci\u00f3n<\/em>: La base jur\u00eddica que legitima este tratamiento es el consentimiento del Usuario, que podr\u00e1 revocar en cualquier momento.<\/p>\n<p><em>Cesi\u00f3n de datos<\/em>: Los datos personales ser\u00e1n tratados a trav\u00e9s de servidores gestionados por <strong>el hosting,<\/strong> que tendr\u00e1n la consideraci\u00f3n de Encargados del Tratamiento.<\/p>\n<p><strong>Menores de edad<\/strong><\/p>\n<p>Solo podr\u00e1n aportar datos personales en este sitio web las personas mayores de 14 a\u00f1os. Seg\u00fan obliga la LOPD y GDD, en caso de menores de 14 a\u00f1os, ser\u00e1 condici\u00f3n obligatoria el consentimiento de sus padres o tutores para que podamos tratar sus datos personales.<\/p>\n<p>Por otra parte, solo podr\u00e1n contratar nuestros servicios las personas mayores de 18 a\u00f1os. En caso de menores de 18 a\u00f1os, ser\u00e1 condici\u00f3n obligatoria el consentimiento de sus padres o tutores legales para que podamos prestar los servicios ofertados, salvo que el menor est\u00e9 emancipado.<\/p>\n<p><strong>Medidas de Seguridad<\/strong><\/p>\n<p>Se informa a los Usuarios de la web de \u201c<strong>QUATU PIURA<\/strong>\u201d de que se\u00a0han adoptado las medidas de seguridad, t\u00e9cnicas y organizativas a nuestro alcance para evitar la p\u00e9rdida, mal uso, alteraci\u00f3n, acceso no autorizado y robo de los datos, y que garantizan as\u00ed la confidencialidad, integridad y calidad de la informaci\u00f3n contenida en las mismas, de acuerdo con lo establecido en la normativa vigente en materia de protecci\u00f3n de datos. Los datos personales que se recogen en los formularios son objeto de tratamiento, \u00fanicamente,\u00a0por parte del personal de \u201c<strong>QUATU PIURA<\/strong>\u201d o de los Encargados del Tratamiento designados.<\/p>\n<p>El Sitio Web de \u201c<strong>QUATU PIURA<\/strong>\u201d cuenta adem\u00e1s con un cifrado SSL, que permite al Usuario el env\u00edo seguro de sus datos personales a trav\u00e9s de los formularios de contacto o registro del sitio web.<\/p>\n<p><strong>Veracidad de los datos<\/strong><\/p>\n<p>El Usuario manifiesta que todos los datos facilitados por \u00e9l son ciertos y correctos y se compromete a mantenerlos actualizados. El Usuario responder\u00e1 de la veracidad de sus datos y ser\u00e1 el \u00fanico responsable de cuantos conflictos o litigios pudieran resultar por la falsedad de estos. Es importante que, para que podamos mantener los datos personales actualizados, el Usuario informe a \u201c<strong>QUATU PIURA<\/strong>\u201d siempre que haya habido alguna modificaci\u00f3n en los mismos.<\/p>\n<p><strong>Cesi\u00f3n de datos<\/strong><\/p>\n<p>\u201c<strong>QUATU PIURA<\/strong>\u201d no ceder\u00e1 ni comunicar\u00e1 a ning\u00fan tercero tus datos, excepto en los casos legalmente previstos o cuando sea estrictamente necesario para la prestaci\u00f3n de un servicio. Concretamente, los datos podr\u00e1n ser cedidos a:<\/p>\n<ul>\n<li>Proveedores de servicios tecnol\u00f3gicos o inform\u00e1ticos<\/li>\n<li>Proveedores de servicios de pago<\/li>\n<li>Empresas de mensajer\u00eda y paqueter\u00eda<\/li>\n<li>Terceros o intermediarios, en calidad de prestadores de servicios, que operen en nuestro propio nombre (gestor\u00eda, asesor\u00eda\u2026).<\/li>\n<\/ul>\n<p>Las cesiones de datos se producir\u00e1n respetando la m\u00e1s estricta confidencialidad, empleando las medidas necesarias, tales como la firma de contratos de confidencialidad, o la adhesi\u00f3n a sus pol\u00edticas de privacidad establecidas en sus respectivas p\u00e1ginas web. El Usuario podr\u00e1 negarse a la cesi\u00f3n de sus datos a los Encargados del Tratamiento, mediante petici\u00f3n escrita, por cualquiera de los medios anteriormente referenciados.<\/p>\n<p>Adem\u00e1s, en aquellos casos en que sea necesario, los datos de los clientes podr\u00e1n ser cedidos a determinados organismos, en cumplimiento de una obligaci\u00f3n legal: Agencia Tributaria Espa\u00f1ola, Inspecci\u00f3n de Trabajo, etc.<\/p>\n<p><strong>Ejercicio de Derechos del Usuario<\/strong><\/p>\n<p>La LOPD y el RGPD conceden a los interesados la posibilidad de ejercer una serie de derechos relacionados con el tratamiento de sus datos personales. Para ello, el Usuario deber\u00e1 dirigirse, aportando documentaci\u00f3n que acredite su identidad (DNI o pasaporte), mediante correo electr\u00f3nico a <strong>qhatu@gomezmartinabogados.com <\/strong>o bien mediante comunicaci\u00f3n escrita a la direcci\u00f3n que aparece en nuestro Aviso Legal. Dicha comunicaci\u00f3n deber\u00e1 reflejar la siguiente informaci\u00f3n: nombre y apellidos del Usuario, el objeto de la solicitud, el domicilio y los datos acreditativos.<\/p>\n<p>El ejercicio de derechos deber\u00e1 ser realizado por el propio Usuario. No obstante, podr\u00e1n ser ejecutados por una persona autorizada como representante legal del Usuario, aport\u00e1ndose la documentaci\u00f3n que acredite dicha representaci\u00f3n.<\/p>\n<p>El Usuario podr\u00e1 solicitar el ejercicio de los derechos siguientes:<\/p>\n<ul>\n<li>Derecho a solicitar el <strong>acceso<\/strong> a los datos personales, que es el derecho a obtener informaci\u00f3n sobre si sus propios datos de car\u00e1cter personal est\u00e1n siendo objeto de tratamiento, la finalidad del tratamiento que, en su caso, se est\u00e9 realizando, as\u00ed como la informaci\u00f3n disponible sobre el origen de dichos datos y las comunicaciones realizadas o previstas de los mismos.<\/li>\n<li>Derecho a solicitar su <strong>rectificaci\u00f3n<\/strong>, en caso de que los datos personales sean incorrectos o inexactos, o <strong>supresi\u00f3n <\/strong>de los datos que resulten ser inadecuados o excesivos.<\/li>\n<li>Derecho a solicitar la <strong>limitaci\u00f3n<\/strong> de su tratamiento, en cuyo caso \u00fanicamente ser\u00e1n conservados por \u201c<strong>QUATU PIURA<\/strong>\u201d los datos estrictamente necesarios para el ejercicio o la defensa de reclamaciones.<\/li>\n<li>Derecho a <strong>oponerse<\/strong> al tratamiento: se refiere al derecho del interesado a que no se lleve a cabo el tratamiento de sus datos personales o se cese en el mismo en los supuestos en que no sea necesario su consentimiento para el tratamiento, que se trate de ficheros de prospecci\u00f3n comerciales o que tengan la finalidad de adoptar decisiones referidas al interesado y basadas \u00fanicamente en el tratamiento automatizado de sus datos, salvo que por motivos leg\u00edtimos o el ejercicio o la defensa de posibles reclamaciones se tengan que seguir tratando.<\/li>\n<li>Derecho a la <strong>portabilidad<\/strong> de los datos: en caso de que quiera que sus datos sean tratados por otra empresa, \u201c<strong>QUATU PIURA<\/strong>\u201d le facilitar\u00e1 la portabilidad de sus datos en formato exportable.<\/li>\n<\/ul>\n<p>En el caso de que se haya otorgado el consentimiento para alguna finalidad espec\u00edfica, el Usuario tiene derecho a retirar el consentimiento en cualquier momento, sin que ello afecte a la licitud del tratamiento basado en el consentimiento previo a su retirada.<\/p>\n<p>Nos comprometemos a ejecutar todos estos derechos dentro del plazo legal m\u00e1ximo (1 mes).<\/p>\n<p>Si un Usuario considera que hay un problema con la forma en que \u201c<strong>QUATU PIURA<\/strong>\u201d est\u00e1 manejando sus datos, puede dirigir sus reclamaciones al responsable de Seguridad o a la autoridad de protecci\u00f3n de datos que corresponda, siendo la Agencia Espa\u00f1ola de Protecci\u00f3n de Datos la indicada en el caso de Espa\u00f1a.<\/p>\n<p><strong>Conservaci\u00f3n de los datos<\/strong><\/p>\n<p>Los datos de car\u00e1cter personal de los Usuarios que usen el formulario de contacto o que nos env\u00eden un email solicitando informaci\u00f3n ser\u00e1n tratados durante el tiempo estrictamente necesario para atender a la solicitud de informaci\u00f3n, o hasta que se revoque el consentimiento otorgado.<\/p>\n<p>Los datos de car\u00e1cter personal de los clientes ser\u00e1n tratados hasta que finalice la relaci\u00f3n contractual. El per\u00edodo de conservaci\u00f3n de los datos personales ser\u00e1 el m\u00ednimo necesario, pudiendo mantenerse hasta:<\/p>\n<ul>\n<li>4 a\u00f1os: Ley sobre Infracciones y Sanciones en el Orden Social (obligaciones en materia de afiliaci\u00f3n, altas, bajas, cotizaci\u00f3n, pago de salarios\u2026); Arts. 66 y sig. Ley General Tributaria (libros de contabilidad\u2026)<\/li>\n<li>5 a\u00f1os: Art. 1964 C\u00f3digo Civil (acciones personales sin plazo especial)<\/li>\n<li>6 a\u00f1os: Art. 30 C\u00f3digo de Comercio (libros de contabilidad, facturas\u2026)<\/li>\n<li>10 a\u00f1os: Art. 25 Ley de Prevenci\u00f3n del Blanqueo de Capitales y Financiaci\u00f3n del Terrorismo.<\/li>\n<li>Sin plazo: datos desagregados y anonimizados.<\/li>\n<\/ul>\n<p>Por su parte, los datos de Usuarios que se den de alta en el bolet\u00edn o newsletter ser\u00e1n conservados indefinidamente, hasta que se revoque el consentimiento otorgado.<\/p>\n<p>En el caso de tratamiento de datos de candidatos (C.V.), \u201c<strong>QUATU PIURA<\/strong>\u201d podr\u00e1 mantener almacenado su curr\u00edculo un m\u00e1ximo de dos a\u00f1os para incorporarlo a futuras convocatorias, a menos que el candidato se manifieste en contrario.<\/p>\n<p><strong>Redes sociales<\/strong><\/p>\n<p><strong>\u201cQUATU PIURA\u201d<\/strong> cuenta con perfil en algunas de las principales redes sociales de Internet, reconoci\u00e9ndose en todos los casos Responsable del tratamiento de los datos de sus seguidores, fans, suscriptores, comentaristas y otros perfiles de Usuarios (en adelante, seguidores) publicados por <strong>\u201cQUATU PIURA\u201d.<\/strong><\/p>\n<p>La finalidad del tratamiento de datos por parte de <strong>\u201cQUATU PIURA\u201d, <\/strong>cuando la ley no lo proh\u00edba, ser\u00e1 la de informar a sus seguidores sobre sus actividades y ofertas, por cualquier v\u00eda que la red social permita, as\u00ed como prestar servicio personalizado de atenci\u00f3n al cliente a base jur\u00eddica que legitima este tratamiento ser\u00e1 el consentimiento del interesado, que podr\u00e1 revocar en cualquier momento.<\/p>\n<p>En ning\u00fan caso <strong>\u201cQUATU PIURA\u201d<\/strong> extraer\u00e1 datos de las redes sociales, a menos que se obtuviera puntual y expresamente el consentimiento del Usuario para ello (por ejemplo, para la realizaci\u00f3n de un concurso).<\/p>\n<p><strong>Selecci\u00f3n de Personal<\/strong><\/p>\n<p>El aspirante que env\u00ede comunicaciones electr\u00f3nicas a <strong>\u201cQUATU PIURA\u201d,<\/strong> con la finalidad de acceder a los procesos de selecci\u00f3n de personal del responsable, nos\u00a0autoriza a analizar\u00a0los documentos\u00a0que remitidos (por ejemplo, el C.V.), todo\u00a0el contenido que sea directamente accesible a trav\u00e9s de buscadores de Internet (por ejemplo, Google), los perfiles que mantenga en redes sociales profesionales (por ejemplo, LinkedIn),\u00a0los datos obtenidos en\u00a0las pruebas de acceso y la informaci\u00f3n que revele en la entrevista de trabajo, con el objetivo de\u00a0valorar su candidatura y poder, en su caso, ofrecerle un puesto de trabajo.\u00a0En caso de que el candidato no sea seleccionado, <strong>\u201cQUATU PIURA\u201d<\/strong> podr\u00e1 mantener almacenado su C.V.\u00a0durante un m\u00e1ximo de dos a\u00f1os, para incorporarlo a futuras convocatorias, a menos que el candidato manifieste lo contrario. La base jur\u00eddica que legitima este tratamiento ser\u00e1 el consentimiento del interesado, que podr\u00e1 revocar en cualquier momento.<\/p>\n<p><strong>Confidencialidad<\/strong><\/p>\n<p>La informaci\u00f3n suministrada por el Usuario tendr\u00e1, en todo caso, la consideraci\u00f3n de confidencial, sin que pueda ser utilizada para otros fines distintos a los aqu\u00ed descritos. \u201cQUATU PIURA\u201d se obliga a no divulgar ni revelar informaci\u00f3n sobre las pretensiones del Usuario, los motivos del asesoramiento solicitado o la duraci\u00f3n de su relaci\u00f3n con \u00e9ste.<\/p>\n<p><strong>Validez<\/strong><\/p>\n<p>Esta pol\u00edtica de privacidad y de protecci\u00f3n de datos ha sido redactada con fecha del <strong>07\/01\/2026<\/strong>. Podr\u00e1 variar en funci\u00f3n de los cambios de normativa y jurisprudencia que se vayan produciendo, siendo responsabilidad del titular de los datos la lectura del documento actualizado, en orden a conocer sus derechos y obligaciones al respecto en cada momento.\u00a0\u00a0<\/p>\t\t\t\t\t\t\t\t<\/div>\n\t\t\t\t<\/div>\n\t\t\t\t\t<\/div>\n\t\t\t\t<\/div>\n\t\t\t\t<\/div>","protected":false},"excerpt":{"rendered":"<p>QUATU PIURA est\u00e1 comprometido con el cumplimiento de la normativa espa\u00f1ola y europea de protecci\u00f3n de datos de car\u00e1cter personal, y garantiza el cumplimiento \u00edntegro de las obligaciones dispuestas, as\u00ed como la implementaci\u00f3n de las medidas de seguridad dispuestas en el Reglamento General de Protecci\u00f3n de Datos (RGPD) (UE) 2016\/679, de 27 de abril, y [&hellip;]<\/p>","protected":false},"author":1,"featured_media":0,"parent":0,"menu_order":0,"comment_status":"closed","ping_status":"closed","template":"","meta":{"footnotes":""},"class_list":["post-3","page","type-page","status-publish","hentry"],"_links":{"self":[{"href":"https:\/\/qhatupiura.com\/en\/wp-json\/wp\/v2\/pages\/3","targetHints":{"allow":["GET"]}}],"collection":[{"href":"https:\/\/qhatupiura.com\/en\/wp-json\/wp\/v2\/pages"}],"about":[{"href":"https:\/\/qhatupiura.com\/en\/wp-json\/wp\/v2\/types\/page"}],"author":[{"embeddable":true,"href":"https:\/\/qhatupiura.com\/en\/wp-json\/wp\/v2\/users\/1"}],"replies":[{"embeddable":true,"href":"https:\/\/qhatupiura.com\/en\/wp-json\/wp\/v2\/comments?post=3"}],"version-history":[{"count":4,"href":"https:\/\/qhatupiura.com\/en\/wp-json\/wp\/v2\/pages\/3\/revisions"}],"predecessor-version":[{"id":130,"href":"https:\/\/qhatupiura.com\/en\/wp-json\/wp\/v2\/pages\/3\/revisions\/130"}],"wp:attachment":[{"href":"https:\/\/qhatupiura.com\/en\/wp-json\/wp\/v2\/media?parent=3"}],"curies":[{"name":"wp","href":"https:\/\/api.w.org\/{rel}","templated":true}]}}